{"id":29,"date":"2016-03-15T08:44:10","date_gmt":"2016-03-15T07:44:10","guid":{"rendered":"http:\/\/www.wohnbau-leoben.at\/barrierefrei\/?page_id=29"},"modified":"2020-12-14T08:34:35","modified_gmt":"2020-12-14T07:34:35","slug":"firmengeschichte","status":"publish","type":"page","link":"https:\/\/www.wohnbau-leoben.at\/barrierefrei\/firmengeschichte\/","title":{"rendered":"Firmengeschichte"},"content":{"rendered":"<h3><\/h3>\n<h4>Gemeinn\u00fctzige Bau-, Wohnungs- Siedlungsgenossenschaft f\u00fcr Leoben und Umgebung,<br \/>\nreg. Gen. m. b. H.<\/h4>\n<div><\/div>\n<div>\u2014\u2014\u2014\u2014\u2014\u2014\u2014\u2014\u2014\u2014\u2014\u2014\u2014\u2014\u2014\u2014\u2014\u2014\u2014\u2014\u2014\u2014\u2014\u2014\u2014\u2014\u2013<\/div>\n<h4>Gemeinn\u00fctzige Leobner Wohnbaugesellschaft,<br \/>\nGes. m. b. H.<\/h4>\n<div><\/div>\n<div>\u2014\u2014\u2014\u2014\u2014\u2014\u2014\u2014\u2014\u2014\u2014\u2014\u2014\u2014\u2014\u2014\u2014\u2014\u2014\u2014\u2014\u2014\u2014\u2014\u2014\u2014\u2013<\/div>\n<div><\/div>\n<div><\/div>\n<div><strong>Ihre verl\u00e4sslichen Partner im sozialen Wohnbau<\/strong><\/div>\n<div><\/div>\n<div>Die Gemeinn\u00fctzige Bau-, Wohnungs- und Siedlungsgenossenschaft f\u00fcr Leoben und Umgebung, registrierte Genossenschaft mit beschr\u00e4nkter Haftung, wurde am 28. September 1921 gegr\u00fcndet und am 22. Oktober 1921 in das Genossenschaftsregister eingetragen.<\/div>\n<div><\/div>\n<div>Nach dem zweiten Weltkrieg wurde unter dem sp\u00e4teren Leobner B\u00fcrgermeister Dir. Leopold Posch die Genossenschaft durch Beschluss der Generalversammlung vom 16. Dezember 1957 reaktiviert und mit Bescheid des Amtes der Steierm\u00e4rkischen Landesregierung vom 11. Februar 1958 endg\u00fcltig als gemeinn\u00fctzig anerkannt.<\/div>\n<div><\/div>\n<div>Im Zuge der Liquidierung der Firma Zellulosefabrik AG St. Michael wurden im Jahre 1974 die Gesellschaftsanteile der im Jahre 1952 als Hinterberger Wohnbaugesellschaft, Ges.m.b.H. gegr\u00fcndeten und in der Folge vom Amt der Steierm\u00e4rkischen Landesregierung als gemeinn\u00fctzig anerkannten Wohnbaugesellschaft, zu hundert Prozent von der SG Leoben erworben.<\/div>\n<div><\/div>\n<div>Mit Beschluss der Generalversammlung vom 31. Juli 1980 wurde der Firmenwortlaut der Gesellschaft auf Gemeinn\u00fctzige Leobner Wohnbaugesellschaft, Ges.m.b.H., ge\u00e4ndert.<\/div>\n<div><\/div>\n<div>Die Genossenschaft ist somit die einzige Gesellschafterin der Gemeinn\u00fctzigen Leobner Wohnbaugesellschaft, Ges.m.b.H. Die Gesch\u00e4ftsleitung und die Verwaltung f\u00fcr beide Bauvereinigungen befindet sich in 8700 Leoben, Mayr-Melnhof-Stra\u00dfe 8.<\/div>\n<div><\/div>\n<div>Fusionierung mit 01.01.2016 der Leobner Wohnbaugesellschaft mit der Leobner Wohnbaugenossenschaft.<\/div>\n<div><\/div>\n<div>Ab dem Jahr 1958 entwickelte die Genossenschaft (ab 1981 gemeinsam mit der Ges.m.b.H.) eine rege Baut\u00e4tigkeit und wurden im Durchschnitt j\u00e4hrlich rund 40 Wohnungen fertiggestellt und \u00fcbergeben. Bisher wurden rund 1600 Wohnungen, davon 670 Eigentumswohnungen, errichtet und damit ein wesentlicher Beitrag zur Wohnversorgung der Leobner Bev\u00f6lkerung erbracht.<\/div>\n<div><\/div>\n<div>Bei der Errichtung und insbesondere bei der Verwaltung sind Vorstand, Aufsichtsrat und alle Mitarbeiter stets bem\u00fcht, den Mietern und Wohnungseigent\u00fcmern das Gef\u00fchl zu vermitteln, dass die Wohnungen f\u00fcr die Bewohner erbaut werden und die Verwaltung in deren Interesse zu erfolgen hat. Es wird immer versucht dem Leitsatz \u201egut und sicher wohnen \u2013 gemeinn\u00fctzig wohnen\u201c bestm\u00f6glich Rechnung zu tragen.<\/div>\n<div><\/div>\n<div>F\u00fcr die Stadtgemeinde Leoben und die Gemeinden im Bezirk Leoben ist die Bauvereinigung stets ein willkommener Partner, wenn es darum geht, aus Aufschlie\u00dfungsgebieten Wohngebiete zu machen. Die Kundenn\u00e4he dr\u00fcckt sich auch darin aus, dass zwar laut Satzung ein landesweites Bauen m\u00f6glich w\u00e4re, der T\u00e4tigkeitsbereich der Bauvereinigungen sich aber tats\u00e4chlich nur auf den Bezirk Leoben beschr\u00e4nkt.<\/div>\n","protected":false},"excerpt":{"rendered":"<p>Gemeinn\u00fctzige Bau-, Wohnungs- Siedlungsgenossenschaft f\u00fcr Leoben und Umgebung, reg. Gen. m. b. H. \u2014\u2014\u2014\u2014\u2014\u2014\u2014\u2014\u2014\u2014\u2014\u2014\u2014\u2014\u2014\u2014\u2014\u2014\u2014\u2014\u2014\u2014\u2014\u2014\u2014\u2014\u2013 Gemeinn\u00fctzige Leobner Wohnbaugesellschaft, Ges. m. b. H. \u2014\u2014\u2014\u2014\u2014\u2014\u2014\u2014\u2014\u2014\u2014\u2014\u2014\u2014\u2014\u2014\u2014\u2014\u2014\u2014\u2014\u2014\u2014\u2014\u2014\u2014\u2013 Ihre verl\u00e4sslichen Partner im sozialen Wohnbau Die Gemeinn\u00fctzige Bau-, Wohnungs- und Siedlungsgenossenschaft f\u00fcr Leoben und Umgebung, registrierte Genossenschaft mit beschr\u00e4nkter Haftung, wurde am 28. September 1921 gegr\u00fcndet und am 22. Oktober 1921 in &hellip; <a href=\"https:\/\/www.wohnbau-leoben.at\/barrierefrei\/firmengeschichte\/\" class=\"more-link\"><span class=\"screen-reader-text\">Firmengeschichte<\/span> weiterlesen<\/a><\/p>\n","protected":false},"author":1,"featured_media":0,"parent":0,"menu_order":0,"comment_status":"closed","ping_status":"closed","template":"","meta":{"footnotes":""},"class_list":["post-29","page","type-page","status-publish","hentry"],"_links":{"self":[{"href":"https:\/\/www.wohnbau-leoben.at\/barrierefrei\/wp-json\/wp\/v2\/pages\/29","targetHints":{"allow":["GET"]}}],"collection":[{"href":"https:\/\/www.wohnbau-leoben.at\/barrierefrei\/wp-json\/wp\/v2\/pages"}],"about":[{"href":"https:\/\/www.wohnbau-leoben.at\/barrierefrei\/wp-json\/wp\/v2\/types\/page"}],"author":[{"embeddable":true,"href":"https:\/\/www.wohnbau-leoben.at\/barrierefrei\/wp-json\/wp\/v2\/users\/1"}],"replies":[{"embeddable":true,"href":"https:\/\/www.wohnbau-leoben.at\/barrierefrei\/wp-json\/wp\/v2\/comments?post=29"}],"version-history":[{"count":6,"href":"https:\/\/www.wohnbau-leoben.at\/barrierefrei\/wp-json\/wp\/v2\/pages\/29\/revisions"}],"predecessor-version":[{"id":231,"href":"https:\/\/www.wohnbau-leoben.at\/barrierefrei\/wp-json\/wp\/v2\/pages\/29\/revisions\/231"}],"wp:attachment":[{"href":"https:\/\/www.wohnbau-leoben.at\/barrierefrei\/wp-json\/wp\/v2\/media?parent=29"}],"curies":[{"name":"wp","href":"https:\/\/api.w.org\/{rel}","templated":true}]}}