{"id":16,"date":"2016-03-15T08:31:52","date_gmt":"2016-03-15T07:31:52","guid":{"rendered":"http:\/\/www.wohnbau-leoben.at\/barrierefrei\/?page_id=16"},"modified":"2025-02-14T12:45:43","modified_gmt":"2025-02-14T11:45:43","slug":"wohnungen","status":"publish","type":"page","link":"https:\/\/www.wohnbau-leoben.at\/barrierefrei\/wohnungen\/","title":{"rendered":"Wohnungen"},"content":{"rendered":"\n<div><strong>Verf\u00fcgbare Wohnungen \u00fcber Facebook ersichtlich<\/strong><\/div>\n<div><strong>oder<\/strong><\/div>\n<div><strong>\u00fcber <a href=\"https:\/\/www.willhaben.at\/iad\/immobilien\/immobilienmakler\/angebote?orgId=1005101\" target=\"_blank\" rel=\"noopener\">willhaben.at<\/a><\/strong><\/div>\n\n\n\n<div>\u00a0<\/div>\n\n\n\n<div>Unsere Genossenschaft ist eine gemeinn\u00fctzige Bauvereinigung, die den Bestimmungen des Wohnungsgemeinn\u00fctzigkeitsgesetzes unterliegt. Aufgrund der Satzung kann sie nur f\u00fcr Mitglieder t\u00e4tig werden. Die Zuweisung einer der nachfolgend angef\u00fchrten Wohnungen kann daher nur erfolgen, wenn der Wohnungswerber Mitglied der Genossenschaft wird. Die damit verbundenen Kosten belaufen sich einmalig auf<\/div>\n\n\n\n<div>EUR 102,00.<\/div>\n\n\n\n<div>\u00a0<\/div>\n\n\n\n<div>\n<div>\u00a0<\/div>\n<div>F\u00fcr weitere Informationen wenden Sie sich bitte direkt an uns!<\/div>\n<div>\u00a0<\/div>\n<div>Mail: <a href=\"mailto:sgl@wohnbau-leoben.at\">sgl@wohnbau-leoben.at<\/a><br \/>Tel: +43 3842 24 130<\/div>\n<div>\u00a0<\/div>\n<\/div>\n","protected":false},"excerpt":{"rendered":"<p>Verf\u00fcgbare Wohnungen \u00fcber Facebook ersichtlich oder \u00fcber willhaben.at \u00a0 Unsere Genossenschaft ist eine gemeinn\u00fctzige Bauvereinigung, die den Bestimmungen des Wohnungsgemeinn\u00fctzigkeitsgesetzes unterliegt. Aufgrund der Satzung kann sie nur f\u00fcr Mitglieder t\u00e4tig werden. Die Zuweisung einer der nachfolgend angef\u00fchrten Wohnungen kann daher nur erfolgen, wenn der Wohnungswerber Mitglied der Genossenschaft wird. Die damit verbundenen Kosten belaufen sich &hellip; <a href=\"https:\/\/www.wohnbau-leoben.at\/barrierefrei\/wohnungen\/\" class=\"more-link\"><span class=\"screen-reader-text\">Wohnungen<\/span> weiterlesen<\/a><\/p>\n","protected":false},"author":1,"featured_media":0,"parent":0,"menu_order":0,"comment_status":"closed","ping_status":"closed","template":"","meta":{"footnotes":""},"class_list":["post-16","page","type-page","status-publish","hentry"],"_links":{"self":[{"href":"https:\/\/www.wohnbau-leoben.at\/barrierefrei\/wp-json\/wp\/v2\/pages\/16","targetHints":{"allow":["GET"]}}],"collection":[{"href":"https:\/\/www.wohnbau-leoben.at\/barrierefrei\/wp-json\/wp\/v2\/pages"}],"about":[{"href":"https:\/\/www.wohnbau-leoben.at\/barrierefrei\/wp-json\/wp\/v2\/types\/page"}],"author":[{"embeddable":true,"href":"https:\/\/www.wohnbau-leoben.at\/barrierefrei\/wp-json\/wp\/v2\/users\/1"}],"replies":[{"embeddable":true,"href":"https:\/\/www.wohnbau-leoben.at\/barrierefrei\/wp-json\/wp\/v2\/comments?post=16"}],"version-history":[{"count":34,"href":"https:\/\/www.wohnbau-leoben.at\/barrierefrei\/wp-json\/wp\/v2\/pages\/16\/revisions"}],"predecessor-version":[{"id":307,"href":"https:\/\/www.wohnbau-leoben.at\/barrierefrei\/wp-json\/wp\/v2\/pages\/16\/revisions\/307"}],"wp:attachment":[{"href":"https:\/\/www.wohnbau-leoben.at\/barrierefrei\/wp-json\/wp\/v2\/media?parent=16"}],"curies":[{"name":"wp","href":"https:\/\/api.w.org\/{rel}","templated":true}]}}